{"id":2,"date":"2016-05-10T03:48:21","date_gmt":"2016-05-10T03:48:21","guid":{"rendered":"http:\/\/servipc3-0.es\/?page_id=2"},"modified":"2017-08-22T14:01:42","modified_gmt":"2017-08-22T14:01:42","slug":"sample-page","status":"publish","type":"page","link":"https:\/\/servipc3-0.es\/?page_id=2","title":{"rendered":"Servicios"},"content":{"rendered":"<ul>\n<li class=\"wb-stl-normal\">\n<h5 class=\"wb-stl-subtitle\"><strong>Servicio t\u00e9cnico Informatico.<\/strong><\/h5>\n<\/li>\n<li class=\"wb-stl-normal\">\n<h5 class=\"wb-stl-subtitle\"><strong>Instalaciones, reparaciones mantenimiento y venta de equipos a medida y accesorios inform\u00e1ticos.<\/strong><\/h5>\n<\/li>\n<li class=\"wb-stl-normal\">\n<h5 class=\"wb-stl-subtitle\"><strong>Reparaci\u00f3n de equipos sobremesa, port\u00e1tiles, torres pc movil y tablet<\/strong><\/h5>\n<\/li>\n<li class=\"wb-stl-normal\">\n<h5 class=\"wb-stl-subtitle\"><strong>Salvado de datos, formateo e instalanci\u00f3n de sistema con sus correspondientes programas.<\/strong><\/h5>\n<\/li>\n<li class=\"wb-stl-normal\">\n<h5 class=\"wb-stl-subtitle\"><strong>Desinfecci\u00f3n de virus.<\/strong><\/h5>\n<\/li>\n<li class=\"wb-stl-normal\">\n<h5 class=\"wb-stl-subtitle\"><strong>Recuperacion de datos.<\/strong><\/h5>\n<\/li>\n<li class=\"wb-stl-normal\">\n<h5 class=\"wb-stl-subtitle\"><strong>Configuraciones y securizaci\u00f3n de redes cableadas y wifi.<\/strong><\/h5>\n<\/li>\n<li class=\"wb-stl-normal\">\n<h5 class=\"wb-stl-subtitle\"><strong>Ampliaciones de equipos, discos duros, memorias targetas gr\u00e1ficas&#8230;<\/strong><\/h5>\n<\/li>\n<li class=\"wb-stl-normal\">\n<h5 class=\"wb-stl-subtitle\"><strong>Instlaci\u00f3n de redes, proyectores, impresoras y todo tipo de accesorios.<\/strong><\/h5>\n<\/li>\n<li class=\"wb-stl-normal\">\n<h5 class=\"wb-stl-subtitle\"><strong>Limpieza de equipos<\/strong><\/h5>\n<\/li>\n<li class=\"wb-stl-normal\">\n<h5 class=\"wb-stl-subtitle\"><strong>Servidores<\/strong><\/h5>\n<\/li>\n<li class=\"wb-stl-normal\">\n<h5 class=\"wb-stl-subtitle\"><strong>Mantenimiento en\u00a0hogares, oficinas y empresas\u00a0incluyendo asistencia t\u00e9cnica telef\u00f3nica, remota y a domicilio<\/strong><\/h5>\n<\/li>\n<li class=\"wb-stl-normal\">\n<h5 class=\"wb-stl-subtitle\"><strong>Bonos por horas de trabajo 5-10-20 h.<\/strong><\/h5>\n<\/li>\n<\/ul>\n<p class=\"wb-stl-normal\">\n<p class=\"wb-stl-normal\">\n<p class=\"wb-stl-normal\">\n<p class=\"wb-stl-normal\">\n<p class=\"wb-stl-normal\">\n<p class=\"wb-stl-normal\">\n<p class=\"wb-stl-normal\"><strong>\u00a0\u00a0\u00a0\u00a0\u00a0\u00a0\u00a0\u00a0 R\u00e1pido y econ\u00f3mico\u00a0\u00a0\u00a0\u00a0\u00a0\u00a0\u00a0\u00a0\u00a0\u00a0\u00a0\u00a0\u00a0\u00a0\u00a0\u00a0 \u00a0\u00a0 Presupuestos sin compromiso\u00a0\u00a0\u00a0\u00a0\u00a0\u00a0\u00a0\u00a0\u00a0\u00a0\u00a0\u00a0\u00a0\u00a0\u00a0\u00a0\u00a0\u00a0\u00a0Gastos de desplazamiento no incluidos<\/strong><\/p>\n","protected":false},"excerpt":{"rendered":"<p>Servicio t\u00e9cnico Informatico. Instalaciones, reparaciones mantenimiento y venta de equipos a medida y accesorios inform\u00e1ticos. Reparaci\u00f3n de equipos sobremesa, port\u00e1tiles, torres pc movil y tablet Salvado de datos, formateo e instalanci\u00f3n de sistema con sus correspondientes programas. Desinfecci\u00f3n de virus. Recuperacion de datos. Configuraciones y securizaci\u00f3n de redes cableadas y wifi. Ampliaciones de equipos, discos duros, memorias targetas gr\u00e1ficas&#8230; Instlaci\u00f3n<\/p>\n<p><a class=\"more-link\" href=\"https:\/\/servipc3-0.es\/?page_id=2\">Leer m\u00e1s<\/a><\/p>\n","protected":false},"author":1,"featured_media":0,"parent":0,"menu_order":0,"comment_status":"closed","ping_status":"open","template":"","meta":[],"_links":{"self":[{"href":"https:\/\/servipc3-0.es\/index.php?rest_route=\/wp\/v2\/pages\/2"}],"collection":[{"href":"https:\/\/servipc3-0.es\/index.php?rest_route=\/wp\/v2\/pages"}],"about":[{"href":"https:\/\/servipc3-0.es\/index.php?rest_route=\/wp\/v2\/types\/page"}],"author":[{"embeddable":true,"href":"https:\/\/servipc3-0.es\/index.php?rest_route=\/wp\/v2\/users\/1"}],"replies":[{"embeddable":true,"href":"https:\/\/servipc3-0.es\/index.php?rest_route=%2Fwp%2Fv2%2Fcomments&post=2"}],"version-history":[{"count":1,"href":"https:\/\/servipc3-0.es\/index.php?rest_route=\/wp\/v2\/pages\/2\/revisions"}],"predecessor-version":[{"id":39,"href":"https:\/\/servipc3-0.es\/index.php?rest_route=\/wp\/v2\/pages\/2\/revisions\/39"}],"wp:attachment":[{"href":"https:\/\/servipc3-0.es\/index.php?rest_route=%2Fwp%2Fv2%2Fmedia&parent=2"}],"curies":[{"name":"wp","href":"https:\/\/api.w.org\/{rel}","templated":true}]}}